{"id":856,"date":"2024-07-23T17:50:57","date_gmt":"2024-07-23T15:50:57","guid":{"rendered":"https:\/\/trebes.test\/ueber-uns\/standorte\/"},"modified":"2026-03-24T14:15:01","modified_gmt":"2026-03-24T13:15:01","slug":"locations","status":"publish","type":"page","link":"https:\/\/trebes.de\/en\/ueber-uns\/standorte\/","title":{"rendered":"Locations"},"content":{"rendered":"<section id=\"b-kfoovr_m0b9k1b4\" class=\"brxe-section hero-bild-rechts\"><div id=\"brxe-cdpqwa\" class=\"brxe-container hero-bild-rechts__container\"><div id=\"brxe-kuxfhs\" class=\"brxe-div hero-bild-rechts__textbox hero-textbox-links\"><h1 id=\"brxe-lmimnr\" class=\"brxe-heading balance hero-bild-rechts__heading\">Between East and West<\/h1><div id=\"brxe-iundzf\" class=\"brxe-text hero-bild-rechts__text\"><p>Together we realize projects - all over Germany<\/p>\n<\/div><\/div><img loading=\"lazy\" decoding=\"async\" width=\"1330\" height=\"748\" src=\"https:\/\/trebes.de\/wp-content\/uploads\/2024\/08\/csm_Trebes_Standorte2_4b2d77796b.jpg\" class=\"brxe-image hero-bild-rechts__image hero-bild-rechts css-filter size-full\" alt=\"\" id=\"brxe-sqmxct\" srcset=\"https:\/\/trebes.de\/wp-content\/uploads\/2024\/08\/csm_Trebes_Standorte2_4b2d77796b.jpg 1330w, https:\/\/trebes.de\/wp-content\/uploads\/2024\/08\/csm_Trebes_Standorte2_4b2d77796b-960x540.jpg 960w, https:\/\/trebes.de\/wp-content\/uploads\/2024\/08\/csm_Trebes_Standorte2_4b2d77796b-480x270.jpg 480w, https:\/\/trebes.de\/wp-content\/uploads\/2024\/08\/csm_Trebes_Standorte2_4b2d77796b-240x135.jpg 240w\" sizes=\"auto, (max-width: 1330px) 100vw, 1330px\" \/><\/div><\/section>\n\n<section id=\"b-abvfnc_m0b9nv5c\" class=\"brxe-section mnc-prose textbox-text-leftright\"><div id=\"b-nqpizw_m0b9nv5c\" class=\"brxe-container\"><div id=\"b-weigng_m0b9nv5c\" class=\"brxe-div brx-grid\"><h2 id=\"brxe-uxnivo\" class=\"brxe-heading balance\">One team - five locations<\/h2><div id=\"brxe-rstdot\" class=\"brxe-text\"><p>Kiel, Rendsburg, Flensburg, Rostock and Hamburg: Whether on the Baltic Sea, directly on the Kiel Canal or in the heart of Hamburg - our working methods are the same at our five locations: We plan based on models, often at a \"round table\" with all project participants, internally and externally, if necessary also between structural and civil engineering.<\/p>\n<\/div><\/div><\/div><\/section>\n\n<section id=\"b-5d6aee_m0b9osnc\" class=\"brxe-section mnc-prose textbox-bildlinks textbox-img-left\"><div id=\"brxe-1dd995\" class=\"brxe-container textbox-bildlinks__container\"><div id=\"brxe-f69582\" class=\"brxe-div textbox-bildlinks__textwrap\"><h2 id=\"brxe-dgapmn\" class=\"brxe-heading textbox-bildlinks__heading\">Above the rooftops of Kiel<\/h2><div id=\"brxe-cca2c7\" class=\"brxe-text textbox-bildlinks__text\"><p>There's probably no one in the state capital who doesn't know Dreiecksplatz. There are not only restaurants, cinemas and stores of all kinds here - but also us: almost 50 employees together with the managing directors Wigand Grawe and Dr. Michael Wichers.<\/p>\n<p>The view of the hustle and bustle of the city below, the far-reaching view from the roof of the 5-storey Merkurhaus - and new perspectives!<\/p>\n<\/div><\/div><img loading=\"lazy\" decoding=\"async\" width=\"960\" height=\"540\" src=\"https:\/\/trebes.de\/wp-content\/uploads\/2024\/08\/csm_Trebes_WEB_luftaufnahme_von_Kiel_rathaus_75ddbf82ca.jpg\" class=\"brxe-image textbox-bildlinks__image css-filter size-full\" alt=\"\" id=\"brxe-7febf7\" srcset=\"https:\/\/trebes.de\/wp-content\/uploads\/2024\/08\/csm_Trebes_WEB_luftaufnahme_von_Kiel_rathaus_75ddbf82ca.jpg 960w, https:\/\/trebes.de\/wp-content\/uploads\/2024\/08\/csm_Trebes_WEB_luftaufnahme_von_Kiel_rathaus_75ddbf82ca-480x270.jpg 480w, https:\/\/trebes.de\/wp-content\/uploads\/2024\/08\/csm_Trebes_WEB_luftaufnahme_von_Kiel_rathaus_75ddbf82ca-240x135.jpg 240w\" sizes=\"auto, (max-width: 960px) 100vw, 960px\" \/><\/div><\/section>\n\n<section id=\"b-bjpyam_m0b9pr8l\" class=\"brxe-section mnc-prose textbox-bildrechts textbox-img-right\"><div id=\"brxe-joztju\" class=\"brxe-container textbox-bildrechts__container\"><div id=\"brxe-nuoisy\" class=\"brxe-div textbox-bildrechts__textwrap\"><h2 id=\"brxe-gkufsf\" class=\"brxe-heading textbox-bildrechts__heading\">Rendsburg on the Kiel Canal<\/h2><div id=\"brxe-grrwog\" class=\"brxe-text textbox-bildrechts__text\"><p>At our Rendsburg location, there is movement from east and west - floating work sites, with or without container cargo - on the Kiel Canal. Our team of around 20 around Wigand Grawe, Michael Wichers and Dirk Petersen moved into the office in Adolf-Steckel-Stra\u00dfe in 2013 and takes care of the structural engineering on solid ground.<\/p>\n<\/div><\/div><img loading=\"lazy\" decoding=\"async\" width=\"960\" height=\"640\" src=\"https:\/\/trebes.de\/wp-content\/uploads\/2024\/08\/csm_Trebes_WEB_Frachter_auf_dem_nord_ostsee_kanal_e463157766.jpg\" class=\"brxe-image rounded-img textbox-bildrechts__image css-filter size-full\" alt=\"\" id=\"brxe-tshdat\" srcset=\"https:\/\/trebes.de\/wp-content\/uploads\/2024\/08\/csm_Trebes_WEB_Frachter_auf_dem_nord_ostsee_kanal_e463157766.jpg 960w, https:\/\/trebes.de\/wp-content\/uploads\/2024\/08\/csm_Trebes_WEB_Frachter_auf_dem_nord_ostsee_kanal_e463157766-480x320.jpg 480w, https:\/\/trebes.de\/wp-content\/uploads\/2024\/08\/csm_Trebes_WEB_Frachter_auf_dem_nord_ostsee_kanal_e463157766-240x160.jpg 240w\" sizes=\"auto, (max-width: 960px) 100vw, 960px\" \/><\/div><\/section>\n\n<section id=\"b-5d6aee_m0b9qhsq\" class=\"brxe-section mnc-prose textbox-bildlinks textbox-img-left\"><div id=\"brxe-1dd995\" class=\"brxe-container textbox-bildlinks__container\"><div id=\"brxe-f69582\" class=\"brxe-div textbox-bildlinks__textwrap\"><h2 id=\"brxe-dgapmn\" class=\"brxe-heading textbox-bildlinks__heading\">Flensburg on the fjord<\/h2><div id=\"brxe-cca2c7\" class=\"brxe-text textbox-bildlinks__text\"><p>As soon as you step out of the office, you almost fall into the fjord. Here it is rightly said: \"Work where others go on vacation\"! The company Trebes-Eichler emerged from a merger in 2014. The 20-strong team of Marc Eichler, Stephan Hansen and Michel Andresen expands our group with the northernmost location directly on the fjord promenade.&nbsp;&nbsp;<\/p>\n<\/div><\/div><img loading=\"lazy\" decoding=\"async\" width=\"960\" height=\"540\" src=\"https:\/\/trebes.de\/wp-content\/uploads\/2024\/08\/csm_Trebes_WEB_luftaufnahme_flensburg_innenhafen_sonniges_Wetter_a92f00ad1c.jpg\" class=\"brxe-image textbox-bildlinks__image css-filter size-full\" alt=\"\" id=\"brxe-7febf7\" srcset=\"https:\/\/trebes.de\/wp-content\/uploads\/2024\/08\/csm_Trebes_WEB_luftaufnahme_flensburg_innenhafen_sonniges_Wetter_a92f00ad1c.jpg 960w, https:\/\/trebes.de\/wp-content\/uploads\/2024\/08\/csm_Trebes_WEB_luftaufnahme_flensburg_innenhafen_sonniges_Wetter_a92f00ad1c-480x270.jpg 480w, https:\/\/trebes.de\/wp-content\/uploads\/2024\/08\/csm_Trebes_WEB_luftaufnahme_flensburg_innenhafen_sonniges_Wetter_a92f00ad1c-240x135.jpg 240w\" sizes=\"auto, (max-width: 960px) 100vw, 960px\" \/><\/div><\/section>\n\n<section id=\"b-bjpyam_m0b9r5de\" class=\"brxe-section mnc-prose textbox-bildrechts textbox-img-right\"><div id=\"brxe-joztju\" class=\"brxe-container textbox-bildrechts__container\"><div id=\"brxe-nuoisy\" class=\"brxe-div textbox-bildrechts__textwrap\"><h2 id=\"brxe-gkufsf\" class=\"brxe-heading textbox-bildrechts__heading\">A breath of fresh air in Rostock<\/h2><div id=\"brxe-grrwog\" class=\"brxe-text textbox-bildrechts__text\"><p>We launched the Rostock branch in 2021. In Kr\u00f6peliner Stra\u00dfe, clients and project partners will find our three engineers Susann Ewert, Dorit Klemke and Stefanie K\u00f6sling, who also realize projects beyond Mecklenburg-Vorpommern!<\/p>\n<\/div><\/div><img loading=\"lazy\" decoding=\"async\" width=\"960\" height=\"639\" src=\"https:\/\/trebes.de\/wp-content\/uploads\/2024\/08\/csm_Trebes_WEB_luftaufnahme_rostock_hafen_71633539f9.jpg\" class=\"brxe-image rounded-img textbox-bildrechts__image css-filter size-full\" alt=\"\" id=\"brxe-tshdat\" srcset=\"https:\/\/trebes.de\/wp-content\/uploads\/2024\/08\/csm_Trebes_WEB_luftaufnahme_rostock_hafen_71633539f9.jpg 960w, https:\/\/trebes.de\/wp-content\/uploads\/2024\/08\/csm_Trebes_WEB_luftaufnahme_rostock_hafen_71633539f9-480x320.jpg 480w, https:\/\/trebes.de\/wp-content\/uploads\/2024\/08\/csm_Trebes_WEB_luftaufnahme_rostock_hafen_71633539f9-240x160.jpg 240w\" sizes=\"auto, (max-width: 960px) 100vw, 960px\" \/><\/div><\/section>\n\n<section id=\"b-5d6aee_m0b9rxkd\" class=\"brxe-section mnc-prose textbox-bildlinks textbox-img-left\"><div id=\"brxe-1dd995\" class=\"brxe-container textbox-bildlinks__container\"><div id=\"brxe-f69582\" class=\"brxe-div textbox-bildlinks__textwrap\"><h2 id=\"brxe-dgapmn\" class=\"brxe-heading textbox-bildlinks__heading\">In the heart of Hamburg<\/h2><div id=\"brxe-cca2c7\" class=\"brxe-text textbox-bildlinks__text\"><p>The Hanseatic city has taken us by storm. After creating various buildings in Hamburg and south of the Elbe, our team around Kolja Trebes can now also be found locally - and is active far beyond the tip of the harbor!<\/p>\n<\/div><\/div><img loading=\"lazy\" decoding=\"async\" width=\"960\" height=\"540\" src=\"https:\/\/trebes.de\/wp-content\/uploads\/2024\/08\/csm_Trebes_Hamburg_dd754fe857.jpg\" class=\"brxe-image textbox-bildlinks__image css-filter size-full\" alt=\"\" id=\"brxe-7febf7\" srcset=\"https:\/\/trebes.de\/wp-content\/uploads\/2024\/08\/csm_Trebes_Hamburg_dd754fe857.jpg 960w, https:\/\/trebes.de\/wp-content\/uploads\/2024\/08\/csm_Trebes_Hamburg_dd754fe857-480x270.jpg 480w, https:\/\/trebes.de\/wp-content\/uploads\/2024\/08\/csm_Trebes_Hamburg_dd754fe857-240x135.jpg 240w\" sizes=\"auto, (max-width: 960px) 100vw, 960px\" \/><\/div><\/section>","protected":false},"excerpt":{"rendered":"","protected":false},"author":1,"featured_media":0,"parent":604,"menu_order":2,"comment_status":"closed","ping_status":"closed","template":"","meta":{"_acf_changed":false,"footnotes":""},"leistung":[],"mnc-page-cat":[],"class_list":["post-856","page","type-page","status-publish","hentry"],"acf":[],"_links":{"self":[{"href":"https:\/\/trebes.de\/en\/wp-json\/wp\/v2\/pages\/856","targetHints":{"allow":["GET"]}}],"collection":[{"href":"https:\/\/trebes.de\/en\/wp-json\/wp\/v2\/pages"}],"about":[{"href":"https:\/\/trebes.de\/en\/wp-json\/wp\/v2\/types\/page"}],"author":[{"embeddable":true,"href":"https:\/\/trebes.de\/en\/wp-json\/wp\/v2\/users\/1"}],"replies":[{"embeddable":true,"href":"https:\/\/trebes.de\/en\/wp-json\/wp\/v2\/comments?post=856"}],"version-history":[{"count":8,"href":"https:\/\/trebes.de\/en\/wp-json\/wp\/v2\/pages\/856\/revisions"}],"predecessor-version":[{"id":7855,"href":"https:\/\/trebes.de\/en\/wp-json\/wp\/v2\/pages\/856\/revisions\/7855"}],"up":[{"embeddable":true,"href":"https:\/\/trebes.de\/en\/wp-json\/wp\/v2\/pages\/604"}],"wp:attachment":[{"href":"https:\/\/trebes.de\/en\/wp-json\/wp\/v2\/media?parent=856"}],"wp:term":[{"taxonomy":"leistung","embeddable":true,"href":"https:\/\/trebes.de\/en\/wp-json\/wp\/v2\/leistung?post=856"},{"taxonomy":"mnc-page-cat","embeddable":true,"href":"https:\/\/trebes.de\/en\/wp-json\/wp\/v2\/mnc-page-cat?post=856"}],"curies":[{"name":"wp","href":"https:\/\/api.w.org\/{rel}","templated":true}]}}